{"id":133,"date":"2024-08-24T16:07:02","date_gmt":"2024-08-24T16:07:02","guid":{"rendered":"https:\/\/aefmup.pt\/?page_id=133"},"modified":"2024-08-24T16:08:33","modified_gmt":"2024-08-24T16:08:33","slug":"servicos-de-apoio-medico-e-psicologico","status":"publish","type":"page","link":"https:\/\/aefmup.pt\/?page_id=133","title":{"rendered":"Servi\u00e7os de Apoio M\u00e9dico e Psicol\u00f3gico"},"content":{"rendered":"\t\t<div data-elementor-type=\"wp-page\" data-elementor-id=\"133\" class=\"elementor elementor-133\">\n\t\t\t\t<div class=\"elementor-element elementor-element-61afaf4 e-flex e-con-boxed wpr-particle-no wpr-jarallax-no wpr-parallax-no wpr-sticky-section-no e-con e-parent\" data-id=\"61afaf4\" data-element_type=\"container\">\n\t\t\t\t\t<div class=\"e-con-inner\">\n\t\t<div class=\"elementor-element elementor-element-d0ea641 e-con-full e-flex wpr-particle-no wpr-jarallax-no wpr-parallax-no wpr-sticky-section-no e-con e-child\" data-id=\"d0ea641\" data-element_type=\"container\">\n\t\t\t\t<div class=\"elementor-element elementor-element-84b7e4e elementor-widget elementor-widget-heading\" data-id=\"84b7e4e\" data-element_type=\"widget\" data-widget_type=\"heading.default\">\n\t\t\t\t<div class=\"elementor-widget-container\">\n\t\t\t<h2 class=\"elementor-heading-title elementor-size-default\">Servi\u00e7os de Apoio M\u00e9dico e Psicol\u00f3gico<\/h2>\t\t<\/div>\n\t\t\t\t<\/div>\n\t\t\t\t<div class=\"elementor-element elementor-element-4dd19ac elementor-widget elementor-widget-text-editor\" data-id=\"4dd19ac\" data-element_type=\"widget\" data-widget_type=\"text-editor.default\">\n\t\t\t\t<div class=\"elementor-widget-container\">\n\t\t\t\t\t\t\t<p>Os estudantes da U.Porto podem usufruir de Servi\u00e7os de Apoio M\u00e9dico e Psicol\u00f3gico, gratuitamente, estando dispon\u00edveis\u00a0as especialidades de Medicina Geral e Familiar, Ginecologia\/Obstetr\u00edcia, Medicina Dent\u00e1ria, Psicologia, Psiquiatria e Nutri\u00e7\u00e3o.<\/p><p>As consultas s\u00e3o marcadas no suporte administrativo do N\u00facleo de Sa\u00fade dos SASUP, podendo ser solicitadas atrav\u00e9s:<\/p><ul><li>Site dos SASUP:\u00a0<a href=\"http:\/\/bit.do\/consulta-up\" target=\"_blank\" rel=\"noopener\">http:\/\/bit.do\/consulta-up<\/a><\/li><li>Presencialmente: Sede dos SASUP (Rua dos Bragas, 151-2\u00ba Piso)<\/li><li>Atrav\u00e9s do email: apoiomedico@sas.up.pt<\/li><li>Por telefone: 222 074 160.<\/li><\/ul><p>\u00a0<\/p><h4><strong>Hor\u00e1rios de consulta:<\/strong><\/h4><ul><li>Cl\u00ednica Geral: 4\u00aa (manh\u00e3)\/ 5\u00aa feira (manh\u00e3)<\/li><li>Ginecologia\/Obstetr\u00edcia: 6\u00aa feira (tarde)<\/li><li>Psiquiatria: 4\u00aa feira: (tarde)<\/li><li>Psicologia: diariamente (manh\u00e3 e tarde)<\/li><li>Consulta de Nutri\u00e7\u00e3o: 2\u00aa feira<\/li><li>Medicina Dent\u00e1ria: dias disponibilizados pela Faculdade de Medicina Dent\u00e1ria.<\/li><\/ul><p>\u00a0<\/p><h4><strong>Assist\u00eancia Dent\u00e1ria<\/strong><\/h4><p>A Faculdade de Medicina Dent\u00e1ria da Universidade do Porto (FMDUP) faculta todos os anos cerca de 30 mil consultas de medicina dent\u00e1ria \u00e0 comunidade a pre\u00e7os reduzidos. Asseguradas por estudantes da FMDUP (sob supervis\u00e3o de docentes da institui\u00e7\u00e3o), as consultas s\u00e3o abertas a qualquer pessoa e dispon\u00edveis em diversas \u00e1reas de especialidade. Al\u00e9m de consultas a faculdade presta ainda cuidados especializados no \u00e2mbito da pr\u00f3tese, da cirurgia, da implantologia, da endodontia e da ortodontia.<\/p><p>Hor\u00e1rio: dias disponibilizados pela Faculdade de Medicina Dent\u00e1ria.<\/p><p>Os pedidos de consulta podem, desde j\u00e1, ser dirigidos atrav\u00e9s dos seguintes contactos:<\/p><ul><li>Telefone: (+351) 220 901 112<\/li><li>Email:\u00a0<a href=\"mailto:consultas@fmd.up.pt\">consultas@fmd.up.pt<\/a><\/li><\/ul><p>\u00a0<\/p><h4><strong>Servi\u00e7o de Consulta Psicol\u00f3gica<\/strong><\/h4><p>O Servi\u00e7o de Consulta Psicol\u00f3gica (SCP) da Faculdade de Psicologia e Ci\u00eancias da Educa\u00e7\u00e3o tem como miss\u00e3o a presta\u00e7\u00e3o e dissemina\u00e7\u00e3o de servi\u00e7os junto da comunidade na \u00e1rea da psicologia aplicada, bem como a investiga\u00e7\u00e3o aplicada e a forma\u00e7\u00e3o p\u00f3s-graduada. As suas val\u00eancias incluem a presta\u00e7\u00e3o de consultas psicol\u00f3gicas a indiv\u00edduos de todas as faixas et\u00e1rias (<a href=\"https:\/\/sigarra.up.pt\/fpceup\/pt\/uni_geral.unidade_view?pv_unidade=270\" target=\"_blank\" rel=\"noopener\">Crian\u00e7as e Adolescentes<\/a>,\u00a0<a href=\"https:\/\/sigarra.up.pt\/fpceup\/pt\/uni_geral.unidade_view?pv_unidade=251\" target=\"_blank\" rel=\"noopener\">Jovens e Adultos<\/a>, e\u00a0<a href=\"http:\/\/www.fpce.up.pt\/idosos\/\" target=\"_blank\" rel=\"noopener\">Idosos<\/a>), bem como um\u00a0<a href=\"https:\/\/sigarra.up.pt\/fpceup\/pt\/uni_geral.unidade_view?pv_unidade=390\" target=\"_blank\" rel=\"noopener\">Servi\u00e7o de Consulta Psicol\u00f3gica nos Comportamentos Aditivos<\/a>, um\u00a0<a href=\"https:\/\/sigarra.up.pt\/fpceup\/pt\/uni_geral.unidade_view?pv_unidade=250\" target=\"_blank\" rel=\"noopener\">Gabinete de Estudos e Atendimento a Agressores e V\u00edtimas<\/a>, uma\u00a0<a href=\"https:\/\/sigarra.up.pt\/fpceup\/pt\/uni_geral.unidade_view?pv_unidade=450\" target=\"_blank\" rel=\"noopener\">Unidade de Avalia\u00e7\u00e3o Psicol\u00f3gica de Condutores<\/a>, entre outras.<\/p><p>Hor\u00e1rio: Psiquiatria 3\u00aa feira (tarde) e Psicologia diariamente (manh\u00e3 e tarde)<\/p><p>Telefone: (+351) 220 400 600<\/p><p>Email:\u00a0<a href=\"mailto:secretariado_consultas@fpce.up.pt\">secretariado_consultas@fpce.up.pt<\/a><\/p><p>\u00a0<\/p><h4><strong>Servi\u00e7o de Consulta Alimentar<\/strong><\/h4><p>Este servi\u00e7o da Faculdade de Ci\u00eancias da Nutri\u00e7\u00e3o e Alimenta\u00e7\u00e3o da Universidade do Porto (FCNAUP) \u00e9 aberto \u00e0 comunidade acad\u00e9mica (estudantes, ex-estudantes, funcion\u00e1rios e familiares diretos de estudantes e funcion\u00e1rios da institui\u00e7\u00e3o) e funciona por marca\u00e7\u00e3o pr\u00e9via. As consultas s\u00e3o asseguradas por profissionais da institui\u00e7\u00e3o.<\/p><p>Hor\u00e1rio: 2\u00aa feira e 3\u00aa feira<\/p><p>Telefone: (+351) 225 074 320<\/p><p>Email:\u00a0<a href=\"mailto:aconselhamentoalimentar@fcna.up.pt\">aconselhamentoalimentar@fcna.up.pt<\/a><\/p>\t\t\t\t\t\t<\/div>\n\t\t\t\t<\/div>\n\t\t\t\t<\/div>\n\t\t\t\t\t<\/div>\n\t\t\t\t<\/div>\n\t\t\t\t<\/div>\n\t\t","protected":false},"excerpt":{"rendered":"<p>Servi\u00e7os de Apoio M\u00e9dico e Psicol\u00f3gico Os estudantes da U.Porto podem usufruir de Servi\u00e7os de Apoio M\u00e9dico e Psicol\u00f3gico, gratuitamente, estando dispon\u00edveis\u00a0as especialidades de Medicina Geral e Familiar, Ginecologia\/Obstetr\u00edcia, Medicina Dent\u00e1ria, Psicologia, Psiquiatria e Nutri\u00e7\u00e3o. As consultas s\u00e3o marcadas no suporte administrativo do N\u00facleo de Sa\u00fade dos SASUP, podendo ser solicitadas atrav\u00e9s: Site dos SASUP:\u00a0http:\/\/bit.do\/consulta-up Presencialmente: Sede dos SASUP (Rua dos Bragas, 151-2\u00ba Piso) Atrav\u00e9s do email: apoiomedico@sas.up.pt Por telefone: 222 074 160. \u00a0 Hor\u00e1rios de consulta: Cl\u00ednica Geral: 4\u00aa (manh\u00e3)\/ 5\u00aa feira (manh\u00e3) Ginecologia\/Obstetr\u00edcia: 6\u00aa feira (tarde) Psiquiatria: 4\u00aa feira: (tarde) Psicologia: diariamente (manh\u00e3 e tarde) Consulta de Nutri\u00e7\u00e3o: 2\u00aa feira Medicina Dent\u00e1ria: dias disponibilizados pela Faculdade de Medicina Dent\u00e1ria. \u00a0 Assist\u00eancia Dent\u00e1ria A Faculdade de Medicina Dent\u00e1ria da Universidade do Porto (FMDUP) faculta todos os anos cerca de 30 mil consultas de medicina dent\u00e1ria \u00e0 comunidade a pre\u00e7os reduzidos. Asseguradas por estudantes da FMDUP (sob supervis\u00e3o de docentes da institui\u00e7\u00e3o), as consultas s\u00e3o abertas a qualquer pessoa e dispon\u00edveis em diversas \u00e1reas de especialidade. Al\u00e9m de consultas a faculdade presta ainda cuidados especializados no \u00e2mbito da pr\u00f3tese, da cirurgia, da implantologia, da endodontia e da ortodontia. Hor\u00e1rio: dias disponibilizados pela Faculdade de Medicina Dent\u00e1ria. Os pedidos de consulta podem, desde j\u00e1, ser dirigidos atrav\u00e9s dos seguintes contactos: Telefone: (+351) 220 901 112 Email:\u00a0consultas@fmd.up.pt \u00a0 Servi\u00e7o de Consulta Psicol\u00f3gica O Servi\u00e7o de Consulta Psicol\u00f3gica (SCP) da Faculdade de Psicologia e Ci\u00eancias da Educa\u00e7\u00e3o tem como miss\u00e3o a presta\u00e7\u00e3o e dissemina\u00e7\u00e3o de servi\u00e7os junto da comunidade na \u00e1rea da psicologia aplicada, bem como a investiga\u00e7\u00e3o aplicada e a forma\u00e7\u00e3o p\u00f3s-graduada. As suas val\u00eancias incluem a presta\u00e7\u00e3o de consultas psicol\u00f3gicas a indiv\u00edduos de todas as faixas et\u00e1rias (Crian\u00e7as e Adolescentes,\u00a0Jovens e Adultos, e\u00a0Idosos), bem como um\u00a0Servi\u00e7o de Consulta Psicol\u00f3gica nos Comportamentos Aditivos, um\u00a0Gabinete de Estudos e Atendimento a Agressores e V\u00edtimas, uma\u00a0Unidade de Avalia\u00e7\u00e3o Psicol\u00f3gica de Condutores, entre outras. Hor\u00e1rio: Psiquiatria 3\u00aa feira (tarde) e Psicologia diariamente (manh\u00e3 e tarde) Telefone: (+351) 220 400 600 Email:\u00a0secretariado_consultas@fpce.up.pt \u00a0 Servi\u00e7o de Consulta Alimentar Este servi\u00e7o da Faculdade de Ci\u00eancias da Nutri\u00e7\u00e3o e Alimenta\u00e7\u00e3o da Universidade do Porto (FCNAUP) \u00e9 aberto \u00e0 comunidade acad\u00e9mica (estudantes, ex-estudantes, funcion\u00e1rios e familiares diretos de estudantes e funcion\u00e1rios da institui\u00e7\u00e3o) e funciona por marca\u00e7\u00e3o pr\u00e9via. As consultas s\u00e3o asseguradas por profissionais da institui\u00e7\u00e3o. Hor\u00e1rio: 2\u00aa feira e 3\u00aa feira Telefone: (+351) 225 074 320 Email:\u00a0aconselhamentoalimentar@fcna.up.pt<\/p>\n","protected":false},"author":1,"featured_media":0,"parent":0,"menu_order":0,"comment_status":"closed","ping_status":"closed","template":"","meta":{"site-sidebar-layout":"no-sidebar","site-content-layout":"","ast-site-content-layout":"full-width-container","site-content-style":"default","site-sidebar-style":"default","ast-global-header-display":"","ast-banner-title-visibility":"","ast-main-header-display":"","ast-hfb-above-header-display":"","ast-hfb-below-header-display":"","ast-hfb-mobile-header-display":"","site-post-title":"disabled","ast-breadcrumbs-content":"","ast-featured-img":"disabled","footer-sml-layout":"","theme-transparent-header-meta":"","adv-header-id-meta":"","stick-header-meta":"","header-above-stick-meta":"","header-main-stick-meta":"","header-below-stick-meta":"","astra-migrate-meta-layouts":"default","ast-page-background-enabled":"default","ast-page-background-meta":{"desktop":{"background-color":"var(--ast-global-color-4)","background-image":"","background-repeat":"repeat","background-position":"center center","background-size":"auto","background-attachment":"scroll","background-type":"","background-media":"","overlay-type":"","overlay-color":"","overlay-opacity":"","overlay-gradient":""},"tablet":{"background-color":"","background-image":"","background-repeat":"repeat","background-position":"center center","background-size":"auto","background-attachment":"scroll","background-type":"","background-media":"","overlay-type":"","overlay-color":"","overlay-opacity":"","overlay-gradient":""},"mobile":{"background-color":"","background-image":"","background-repeat":"repeat","background-position":"center center","background-size":"auto","background-attachment":"scroll","background-type":"","background-media":"","overlay-type":"","overlay-color":"","overlay-opacity":"","overlay-gradient":""}},"ast-content-background-meta":{"desktop":{"background-color":"var(--ast-global-color-5)","background-image":"","background-repeat":"repeat","background-position":"center center","background-size":"auto","background-attachment":"scroll","background-type":"","background-media":"","overlay-type":"","overlay-color":"","overlay-opacity":"","overlay-gradient":""},"tablet":{"background-color":"var(--ast-global-color-5)","background-image":"","background-repeat":"repeat","background-position":"center center","background-size":"auto","background-attachment":"scroll","background-type":"","background-media":"","overlay-type":"","overlay-color":"","overlay-opacity":"","overlay-gradient":""},"mobile":{"background-color":"var(--ast-global-color-5)","background-image":"","background-repeat":"repeat","background-position":"center center","background-size":"auto","background-attachment":"scroll","background-type":"","background-media":"","overlay-type":"","overlay-color":"","overlay-opacity":"","overlay-gradient":""}},"footnotes":""},"class_list":["post-133","page","type-page","status-publish","hentry"],"yoast_head":"<!-- This site is optimized with the Yoast SEO plugin v23.9 - https:\/\/yoast.com\/wordpress\/plugins\/seo\/ -->\n<title>Servi\u00e7os de Apoio M\u00e9dico e Psicol\u00f3gico - AEFMUP<\/title>\n<meta name=\"robots\" content=\"index, follow, max-snippet:-1, max-image-preview:large, max-video-preview:-1\" \/>\n<link rel=\"canonical\" href=\"https:\/\/aefmup.pt\/?page_id=133\" \/>\n<meta property=\"og:locale\" content=\"pt_PT\" \/>\n<meta property=\"og:type\" content=\"article\" \/>\n<meta property=\"og:title\" content=\"Servi\u00e7os de Apoio M\u00e9dico e Psicol\u00f3gico - AEFMUP\" \/>\n<meta property=\"og:description\" content=\"Servi\u00e7os de Apoio M\u00e9dico e Psicol\u00f3gico Os estudantes da U.Porto podem usufruir de Servi\u00e7os de Apoio M\u00e9dico e Psicol\u00f3gico, gratuitamente, estando dispon\u00edveis\u00a0as especialidades de Medicina Geral e Familiar, Ginecologia\/Obstetr\u00edcia, Medicina Dent\u00e1ria, Psicologia, Psiquiatria e Nutri\u00e7\u00e3o. As consultas s\u00e3o marcadas no suporte administrativo do N\u00facleo de Sa\u00fade dos SASUP, podendo ser solicitadas atrav\u00e9s: Site dos SASUP:\u00a0http:\/\/bit.do\/consulta-up Presencialmente: Sede dos SASUP (Rua dos Bragas, 151-2\u00ba Piso) Atrav\u00e9s do email: apoiomedico@sas.up.pt Por telefone: 222 074 160. \u00a0 Hor\u00e1rios de consulta: Cl\u00ednica Geral: 4\u00aa (manh\u00e3)\/ 5\u00aa feira (manh\u00e3) Ginecologia\/Obstetr\u00edcia: 6\u00aa feira (tarde) Psiquiatria: 4\u00aa feira: (tarde) Psicologia: diariamente (manh\u00e3 e tarde) Consulta de Nutri\u00e7\u00e3o: 2\u00aa feira Medicina Dent\u00e1ria: dias disponibilizados pela Faculdade de Medicina Dent\u00e1ria. \u00a0 Assist\u00eancia Dent\u00e1ria A Faculdade de Medicina Dent\u00e1ria da Universidade do Porto (FMDUP) faculta todos os anos cerca de 30 mil consultas de medicina dent\u00e1ria \u00e0 comunidade a pre\u00e7os reduzidos. Asseguradas por estudantes da FMDUP (sob supervis\u00e3o de docentes da institui\u00e7\u00e3o), as consultas s\u00e3o abertas a qualquer pessoa e dispon\u00edveis em diversas \u00e1reas de especialidade. Al\u00e9m de consultas a faculdade presta ainda cuidados especializados no \u00e2mbito da pr\u00f3tese, da cirurgia, da implantologia, da endodontia e da ortodontia. Hor\u00e1rio: dias disponibilizados pela Faculdade de Medicina Dent\u00e1ria. Os pedidos de consulta podem, desde j\u00e1, ser dirigidos atrav\u00e9s dos seguintes contactos: Telefone: (+351) 220 901 112 Email:\u00a0consultas@fmd.up.pt \u00a0 Servi\u00e7o de Consulta Psicol\u00f3gica O Servi\u00e7o de Consulta Psicol\u00f3gica (SCP) da Faculdade de Psicologia e Ci\u00eancias da Educa\u00e7\u00e3o tem como miss\u00e3o a presta\u00e7\u00e3o e dissemina\u00e7\u00e3o de servi\u00e7os junto da comunidade na \u00e1rea da psicologia aplicada, bem como a investiga\u00e7\u00e3o aplicada e a forma\u00e7\u00e3o p\u00f3s-graduada. As suas val\u00eancias incluem a presta\u00e7\u00e3o de consultas psicol\u00f3gicas a indiv\u00edduos de todas as faixas et\u00e1rias (Crian\u00e7as e Adolescentes,\u00a0Jovens e Adultos, e\u00a0Idosos), bem como um\u00a0Servi\u00e7o de Consulta Psicol\u00f3gica nos Comportamentos Aditivos, um\u00a0Gabinete de Estudos e Atendimento a Agressores e V\u00edtimas, uma\u00a0Unidade de Avalia\u00e7\u00e3o Psicol\u00f3gica de Condutores, entre outras. Hor\u00e1rio: Psiquiatria 3\u00aa feira (tarde) e Psicologia diariamente (manh\u00e3 e tarde) Telefone: (+351) 220 400 600 Email:\u00a0secretariado_consultas@fpce.up.pt \u00a0 Servi\u00e7o de Consulta Alimentar Este servi\u00e7o da Faculdade de Ci\u00eancias da Nutri\u00e7\u00e3o e Alimenta\u00e7\u00e3o da Universidade do Porto (FCNAUP) \u00e9 aberto \u00e0 comunidade acad\u00e9mica (estudantes, ex-estudantes, funcion\u00e1rios e familiares diretos de estudantes e funcion\u00e1rios da institui\u00e7\u00e3o) e funciona por marca\u00e7\u00e3o pr\u00e9via. As consultas s\u00e3o asseguradas por profissionais da institui\u00e7\u00e3o. Hor\u00e1rio: 2\u00aa feira e 3\u00aa feira Telefone: (+351) 225 074 320 Email:\u00a0aconselhamentoalimentar@fcna.up.pt\" \/>\n<meta property=\"og:url\" content=\"https:\/\/aefmup.pt\/?page_id=133\" \/>\n<meta property=\"og:site_name\" content=\"AEFMUP\" \/>\n<meta property=\"article:publisher\" content=\"https:\/\/www.facebook.com\/aefmup\/\" \/>\n<meta property=\"article:modified_time\" content=\"2024-08-24T16:08:33+00:00\" \/>\n<meta name=\"twitter:card\" content=\"summary_large_image\" \/>\n<meta name=\"twitter:label1\" content=\"Tempo estimado de leitura\" \/>\n\t<meta name=\"twitter:data1\" content=\"2 minutos\" \/>\n<script type=\"application\/ld+json\" class=\"yoast-schema-graph\">{\"@context\":\"https:\/\/schema.org\",\"@graph\":[{\"@type\":\"WebPage\",\"@id\":\"https:\/\/aefmup.pt\/?page_id=133\",\"url\":\"https:\/\/aefmup.pt\/?page_id=133\",\"name\":\"Servi\u00e7os de Apoio M\u00e9dico e Psicol\u00f3gico - AEFMUP\",\"isPartOf\":{\"@id\":\"https:\/\/aefmup.pt\/#website\"},\"datePublished\":\"2024-08-24T16:07:02+00:00\",\"dateModified\":\"2024-08-24T16:08:33+00:00\",\"breadcrumb\":{\"@id\":\"https:\/\/aefmup.pt\/?page_id=133#breadcrumb\"},\"inLanguage\":\"pt-PT\",\"potentialAction\":[{\"@type\":\"ReadAction\",\"target\":[\"https:\/\/aefmup.pt\/?page_id=133\"]}]},{\"@type\":\"BreadcrumbList\",\"@id\":\"https:\/\/aefmup.pt\/?page_id=133#breadcrumb\",\"itemListElement\":[{\"@type\":\"ListItem\",\"position\":1,\"name\":\"In\u00edcio\",\"item\":\"https:\/\/aefmup.pt\/\"},{\"@type\":\"ListItem\",\"position\":2,\"name\":\"Servi\u00e7os de Apoio M\u00e9dico e Psicol\u00f3gico\"}]},{\"@type\":\"WebSite\",\"@id\":\"https:\/\/aefmup.pt\/#website\",\"url\":\"https:\/\/aefmup.pt\/\",\"name\":\"AEFMUP\",\"description\":\"Associa\u00e7\u00e3o de Estudantes da Faculdade de Medicina da Universidade do Porto\",\"publisher\":{\"@id\":\"https:\/\/aefmup.pt\/#organization\"},\"potentialAction\":[{\"@type\":\"SearchAction\",\"target\":{\"@type\":\"EntryPoint\",\"urlTemplate\":\"https:\/\/aefmup.pt\/?s={search_term_string}\"},\"query-input\":{\"@type\":\"PropertyValueSpecification\",\"valueRequired\":true,\"valueName\":\"search_term_string\"}}],\"inLanguage\":\"pt-PT\"},{\"@type\":\"Organization\",\"@id\":\"https:\/\/aefmup.pt\/#organization\",\"name\":\"Associa\u00e7\u00e3o de Estudantes da Faculdade de Medicina da Universidade do Porto\",\"url\":\"https:\/\/aefmup.pt\/\",\"logo\":{\"@type\":\"ImageObject\",\"inLanguage\":\"pt-PT\",\"@id\":\"https:\/\/aefmup.pt\/#\/schema\/logo\/image\/\",\"url\":\"https:\/\/aefmup.pt\/wp-content\/uploads\/2024\/10\/AEFMUP_Coracao_Amarelo.png\",\"contentUrl\":\"https:\/\/aefmup.pt\/wp-content\/uploads\/2024\/10\/AEFMUP_Coracao_Amarelo.png\",\"width\":8000,\"height\":8000,\"caption\":\"Associa\u00e7\u00e3o de Estudantes da Faculdade de Medicina da Universidade do Porto\"},\"image\":{\"@id\":\"https:\/\/aefmup.pt\/#\/schema\/logo\/image\/\"},\"sameAs\":[\"https:\/\/www.facebook.com\/aefmup\/\",\"https:\/\/www.instagram.com\/aefmup\",\"https:\/\/www.linkedin.com\/company\/aefmup\/\"]}]}<\/script>\n<!-- \/ Yoast SEO plugin. -->","yoast_head_json":{"title":"Servi\u00e7os de Apoio M\u00e9dico e Psicol\u00f3gico - AEFMUP","robots":{"index":"index","follow":"follow","max-snippet":"max-snippet:-1","max-image-preview":"max-image-preview:large","max-video-preview":"max-video-preview:-1"},"canonical":"https:\/\/aefmup.pt\/?page_id=133","og_locale":"pt_PT","og_type":"article","og_title":"Servi\u00e7os de Apoio M\u00e9dico e Psicol\u00f3gico - AEFMUP","og_description":"Servi\u00e7os de Apoio M\u00e9dico e Psicol\u00f3gico Os estudantes da U.Porto podem usufruir de Servi\u00e7os de Apoio M\u00e9dico e Psicol\u00f3gico, gratuitamente, estando dispon\u00edveis\u00a0as especialidades de Medicina Geral e Familiar, Ginecologia\/Obstetr\u00edcia, Medicina Dent\u00e1ria, Psicologia, Psiquiatria e Nutri\u00e7\u00e3o. As consultas s\u00e3o marcadas no suporte administrativo do N\u00facleo de Sa\u00fade dos SASUP, podendo ser solicitadas atrav\u00e9s: Site dos SASUP:\u00a0http:\/\/bit.do\/consulta-up Presencialmente: Sede dos SASUP (Rua dos Bragas, 151-2\u00ba Piso) Atrav\u00e9s do email: apoiomedico@sas.up.pt Por telefone: 222 074 160. \u00a0 Hor\u00e1rios de consulta: Cl\u00ednica Geral: 4\u00aa (manh\u00e3)\/ 5\u00aa feira (manh\u00e3) Ginecologia\/Obstetr\u00edcia: 6\u00aa feira (tarde) Psiquiatria: 4\u00aa feira: (tarde) Psicologia: diariamente (manh\u00e3 e tarde) Consulta de Nutri\u00e7\u00e3o: 2\u00aa feira Medicina Dent\u00e1ria: dias disponibilizados pela Faculdade de Medicina Dent\u00e1ria. \u00a0 Assist\u00eancia Dent\u00e1ria A Faculdade de Medicina Dent\u00e1ria da Universidade do Porto (FMDUP) faculta todos os anos cerca de 30 mil consultas de medicina dent\u00e1ria \u00e0 comunidade a pre\u00e7os reduzidos. Asseguradas por estudantes da FMDUP (sob supervis\u00e3o de docentes da institui\u00e7\u00e3o), as consultas s\u00e3o abertas a qualquer pessoa e dispon\u00edveis em diversas \u00e1reas de especialidade. Al\u00e9m de consultas a faculdade presta ainda cuidados especializados no \u00e2mbito da pr\u00f3tese, da cirurgia, da implantologia, da endodontia e da ortodontia. Hor\u00e1rio: dias disponibilizados pela Faculdade de Medicina Dent\u00e1ria. Os pedidos de consulta podem, desde j\u00e1, ser dirigidos atrav\u00e9s dos seguintes contactos: Telefone: (+351) 220 901 112 Email:\u00a0consultas@fmd.up.pt \u00a0 Servi\u00e7o de Consulta Psicol\u00f3gica O Servi\u00e7o de Consulta Psicol\u00f3gica (SCP) da Faculdade de Psicologia e Ci\u00eancias da Educa\u00e7\u00e3o tem como miss\u00e3o a presta\u00e7\u00e3o e dissemina\u00e7\u00e3o de servi\u00e7os junto da comunidade na \u00e1rea da psicologia aplicada, bem como a investiga\u00e7\u00e3o aplicada e a forma\u00e7\u00e3o p\u00f3s-graduada. As suas val\u00eancias incluem a presta\u00e7\u00e3o de consultas psicol\u00f3gicas a indiv\u00edduos de todas as faixas et\u00e1rias (Crian\u00e7as e Adolescentes,\u00a0Jovens e Adultos, e\u00a0Idosos), bem como um\u00a0Servi\u00e7o de Consulta Psicol\u00f3gica nos Comportamentos Aditivos, um\u00a0Gabinete de Estudos e Atendimento a Agressores e V\u00edtimas, uma\u00a0Unidade de Avalia\u00e7\u00e3o Psicol\u00f3gica de Condutores, entre outras. Hor\u00e1rio: Psiquiatria 3\u00aa feira (tarde) e Psicologia diariamente (manh\u00e3 e tarde) Telefone: (+351) 220 400 600 Email:\u00a0secretariado_consultas@fpce.up.pt \u00a0 Servi\u00e7o de Consulta Alimentar Este servi\u00e7o da Faculdade de Ci\u00eancias da Nutri\u00e7\u00e3o e Alimenta\u00e7\u00e3o da Universidade do Porto (FCNAUP) \u00e9 aberto \u00e0 comunidade acad\u00e9mica (estudantes, ex-estudantes, funcion\u00e1rios e familiares diretos de estudantes e funcion\u00e1rios da institui\u00e7\u00e3o) e funciona por marca\u00e7\u00e3o pr\u00e9via. As consultas s\u00e3o asseguradas por profissionais da institui\u00e7\u00e3o. Hor\u00e1rio: 2\u00aa feira e 3\u00aa feira Telefone: (+351) 225 074 320 Email:\u00a0aconselhamentoalimentar@fcna.up.pt","og_url":"https:\/\/aefmup.pt\/?page_id=133","og_site_name":"AEFMUP","article_publisher":"https:\/\/www.facebook.com\/aefmup\/","article_modified_time":"2024-08-24T16:08:33+00:00","twitter_card":"summary_large_image","twitter_misc":{"Tempo estimado de leitura":"2 minutos"},"schema":{"@context":"https:\/\/schema.org","@graph":[{"@type":"WebPage","@id":"https:\/\/aefmup.pt\/?page_id=133","url":"https:\/\/aefmup.pt\/?page_id=133","name":"Servi\u00e7os de Apoio M\u00e9dico e Psicol\u00f3gico - AEFMUP","isPartOf":{"@id":"https:\/\/aefmup.pt\/#website"},"datePublished":"2024-08-24T16:07:02+00:00","dateModified":"2024-08-24T16:08:33+00:00","breadcrumb":{"@id":"https:\/\/aefmup.pt\/?page_id=133#breadcrumb"},"inLanguage":"pt-PT","potentialAction":[{"@type":"ReadAction","target":["https:\/\/aefmup.pt\/?page_id=133"]}]},{"@type":"BreadcrumbList","@id":"https:\/\/aefmup.pt\/?page_id=133#breadcrumb","itemListElement":[{"@type":"ListItem","position":1,"name":"In\u00edcio","item":"https:\/\/aefmup.pt\/"},{"@type":"ListItem","position":2,"name":"Servi\u00e7os de Apoio M\u00e9dico e Psicol\u00f3gico"}]},{"@type":"WebSite","@id":"https:\/\/aefmup.pt\/#website","url":"https:\/\/aefmup.pt\/","name":"AEFMUP","description":"Associa\u00e7\u00e3o de Estudantes da Faculdade de Medicina da Universidade do Porto","publisher":{"@id":"https:\/\/aefmup.pt\/#organization"},"potentialAction":[{"@type":"SearchAction","target":{"@type":"EntryPoint","urlTemplate":"https:\/\/aefmup.pt\/?s={search_term_string}"},"query-input":{"@type":"PropertyValueSpecification","valueRequired":true,"valueName":"search_term_string"}}],"inLanguage":"pt-PT"},{"@type":"Organization","@id":"https:\/\/aefmup.pt\/#organization","name":"Associa\u00e7\u00e3o de Estudantes da Faculdade de Medicina da Universidade do Porto","url":"https:\/\/aefmup.pt\/","logo":{"@type":"ImageObject","inLanguage":"pt-PT","@id":"https:\/\/aefmup.pt\/#\/schema\/logo\/image\/","url":"https:\/\/aefmup.pt\/wp-content\/uploads\/2024\/10\/AEFMUP_Coracao_Amarelo.png","contentUrl":"https:\/\/aefmup.pt\/wp-content\/uploads\/2024\/10\/AEFMUP_Coracao_Amarelo.png","width":8000,"height":8000,"caption":"Associa\u00e7\u00e3o de Estudantes da Faculdade de Medicina da Universidade do Porto"},"image":{"@id":"https:\/\/aefmup.pt\/#\/schema\/logo\/image\/"},"sameAs":["https:\/\/www.facebook.com\/aefmup\/","https:\/\/www.instagram.com\/aefmup","https:\/\/www.linkedin.com\/company\/aefmup\/"]}]}},"_links":{"self":[{"href":"https:\/\/aefmup.pt\/index.php?rest_route=\/wp\/v2\/pages\/133","targetHints":{"allow":["GET"]}}],"collection":[{"href":"https:\/\/aefmup.pt\/index.php?rest_route=\/wp\/v2\/pages"}],"about":[{"href":"https:\/\/aefmup.pt\/index.php?rest_route=\/wp\/v2\/types\/page"}],"author":[{"embeddable":true,"href":"https:\/\/aefmup.pt\/index.php?rest_route=\/wp\/v2\/users\/1"}],"replies":[{"embeddable":true,"href":"https:\/\/aefmup.pt\/index.php?rest_route=%2Fwp%2Fv2%2Fcomments&post=133"}],"version-history":[{"count":4,"href":"https:\/\/aefmup.pt\/index.php?rest_route=\/wp\/v2\/pages\/133\/revisions"}],"predecessor-version":[{"id":137,"href":"https:\/\/aefmup.pt\/index.php?rest_route=\/wp\/v2\/pages\/133\/revisions\/137"}],"wp:attachment":[{"href":"https:\/\/aefmup.pt\/index.php?rest_route=%2Fwp%2Fv2%2Fmedia&parent=133"}],"curies":[{"name":"wp","href":"https:\/\/api.w.org\/{rel}","templated":true}]}}